{"id":433,"date":"2011-11-08T11:02:58","date_gmt":"2011-11-08T16:02:58","guid":{"rendered":"http:\/\/www.motivenutrition.com\/?page_id=433"},"modified":"2015-03-29T18:31:17","modified_gmt":"2015-03-29T22:31:17","slug":"conferences","status":"publish","type":"page","link":"https:\/\/motivenutrition.com\/fr\/services\/conferences\/","title":{"rendered":"Conf\u00e9rences"},"content":{"rendered":"<h2><span style=\"color: #74cee2;\">Conf\u00e9rences et kiosques en nutrition :: <span style=\"color: #888888;\">Motiver et Inspirer<\/span><\/span><\/h2>\n<p>Motive Nutrition offre des conf\u00e9rences\u00a0qui visent \u00e0 motiver le public \u00e0 mieux manger pour optimiser leur bien-\u00eatre et leur sant\u00e9.<\/p>\n<p>En discutant de vos objectifs,\u00a0nous travaillerons ensemble pour \u00e9tablir le format de conf\u00e9rence qui r\u00e9pond \u00e0 vos besoins. \u00a0Le th\u00e8me de la conf\u00e9rence peut aussi \u00eatre adapt\u00e9 pour assurer le succ\u00e8s de votre \u00e9v\u00e9nement.<\/p>\n<h3><span style=\"color: #74cee2;\">Th\u00e8mes abord\u00e9s<\/span><\/h3>\n<h4><strong>Nutrition 101<\/strong><\/h4>\n<h5>Une conf\u00e9rence sur les bases de la saine alimentation. Apprenez ce qu&rsquo;il vous faut pour une alimentation \u00e9quilibr\u00e9e.<\/h5>\n<h4><strong>Bien manger pour un poids sant\u00e9<\/strong><\/h4>\n<h5>Fini les r\u00e9gimes restrictifs. Apprenez \u00e0 int\u00e9grer des strat\u00e9gies de gestion de poids saines et durables.<\/h5>\n<h4><strong>Bien alimenter son niveau d&rsquo;activit\u00e9<\/strong><\/h4>\n<h5>Une conf\u00e9rence pour athl\u00e8tes ou gens actifs. Apprenez \u00e0 utiliser la nutrition pour maximiser votre performance.<\/h5>\n<h4><strong>Nutrition sur le pouce<\/strong><\/h4>\n<h5>Une conf\u00e9rence pour professionnels press\u00e9s. Apprenez \u00e0 mieux vous nourrir au travail, au restaurant et ce, malgr\u00e9 un agenda charg\u00e9.<\/h5>\n<h3><\/h3>\n<h3><a href=\"http:\/\/trainingmobs.com\/\"><\/p>\n<p><\/a><\/h3>\n","protected":false},"excerpt":{"rendered":"<p>Conf\u00e9rences et kiosques en nutrition :: Motiver et Inspirer Motive Nutrition offre des conf\u00e9rences\u00a0qui visent \u00e0 motiver le public \u00e0 mieux manger pour optimiser leur bien-\u00eatre et leur sant\u00e9. En discutant de vos objectifs,\u00a0nous travaillerons ensemble pour \u00e9tablir le format de conf\u00e9rence qui r\u00e9pond \u00e0 vos besoins. \u00a0Le th\u00e8me de la conf\u00e9rence peut aussi \u00eatre [&hellip;]<\/p>\n","protected":false},"author":10,"featured_media":0,"parent":424,"menu_order":2,"comment_status":"open","ping_status":"open","template":"","meta":{"_genesis_hide_title":false,"_genesis_hide_breadcrumbs":false,"_genesis_hide_singular_image":false,"_genesis_hide_footer_widgets":false,"_genesis_custom_body_class":"","_genesis_custom_post_class":"","_genesis_layout":"","footnotes":""},"acf":[],"yoast_head":"<!-- This site is optimized with the Yoast SEO plugin v22.6 - https:\/\/yoast.com\/wordpress\/plugins\/seo\/ -->\n<title>Conf\u00e9rences - Motive Nutrition<\/title>\n<meta name=\"robots\" content=\"index, follow, max-snippet:-1, max-image-preview:large, max-video-preview:-1\" \/>\n<link rel=\"canonical\" href=\"https:\/\/motivenutrition.com\/fr\/services\/conferences\/\" \/>\n<meta property=\"og:locale\" content=\"fr_FR\" \/>\n<meta property=\"og:type\" content=\"article\" \/>\n<meta property=\"og:title\" content=\"Conf\u00e9rences - Motive Nutrition\" \/>\n<meta property=\"og:description\" content=\"Conf\u00e9rences et kiosques en nutrition :: Motiver et Inspirer Motive Nutrition offre des conf\u00e9rences\u00a0qui visent \u00e0 motiver le public \u00e0 mieux manger pour optimiser leur bien-\u00eatre et leur sant\u00e9. En discutant de vos objectifs,\u00a0nous travaillerons ensemble pour \u00e9tablir le format de conf\u00e9rence qui r\u00e9pond \u00e0 vos besoins. \u00a0Le th\u00e8me de la conf\u00e9rence peut aussi \u00eatre [&hellip;]\" \/>\n<meta property=\"og:url\" content=\"https:\/\/motivenutrition.com\/fr\/services\/conferences\/\" \/>\n<meta property=\"og:site_name\" content=\"Motive Nutrition\" \/>\n<meta property=\"article:modified_time\" content=\"2015-03-29T22:31:17+00:00\" \/>\n<meta name=\"twitter:label1\" content=\"Dur\u00e9e de lecture estim\u00e9e\" \/>\n\t<meta name=\"twitter:data1\" content=\"1 minute\" \/>\n<script type=\"application\/ld+json\" class=\"yoast-schema-graph\">{\"@context\":\"https:\/\/schema.org\",\"@graph\":[{\"@type\":\"WebPage\",\"@id\":\"https:\/\/motivenutrition.com\/fr\/services\/conferences\/\",\"url\":\"https:\/\/motivenutrition.com\/fr\/services\/conferences\/\",\"name\":\"Conf\u00e9rences - Motive Nutrition\",\"isPartOf\":{\"@id\":\"https:\/\/motivenutrition.com\/#website\"},\"datePublished\":\"2011-11-08T16:02:58+00:00\",\"dateModified\":\"2015-03-29T22:31:17+00:00\",\"breadcrumb\":{\"@id\":\"https:\/\/motivenutrition.com\/fr\/services\/conferences\/#breadcrumb\"},\"inLanguage\":\"fr-FR\",\"potentialAction\":[{\"@type\":\"ReadAction\",\"target\":[\"https:\/\/motivenutrition.com\/fr\/services\/conferences\/\"]}]},{\"@type\":\"BreadcrumbList\",\"@id\":\"https:\/\/motivenutrition.com\/fr\/services\/conferences\/#breadcrumb\",\"itemListElement\":[{\"@type\":\"ListItem\",\"position\":1,\"name\":\"Home\",\"item\":\"https:\/\/motivenutrition.com\/fr\/\"},{\"@type\":\"ListItem\",\"position\":2,\"name\":\"Services\",\"item\":\"https:\/\/motivenutrition.com\/fr\/services\/\"},{\"@type\":\"ListItem\",\"position\":3,\"name\":\"Conf\u00e9rences\"}]},{\"@type\":\"WebSite\",\"@id\":\"https:\/\/motivenutrition.com\/#website\",\"url\":\"https:\/\/motivenutrition.com\/\",\"name\":\"Motive Nutrition\",\"description\":\"Vanessa Perrone, Dt.P. Nutritionniste\",\"publisher\":{\"@id\":\"https:\/\/motivenutrition.com\/#organization\"},\"potentialAction\":[{\"@type\":\"SearchAction\",\"target\":{\"@type\":\"EntryPoint\",\"urlTemplate\":\"https:\/\/motivenutrition.com\/?s={search_term_string}\"},\"query-input\":\"required name=search_term_string\"}],\"inLanguage\":\"fr-FR\"},{\"@type\":\"Organization\",\"@id\":\"https:\/\/motivenutrition.com\/#organization\",\"name\":\"Motive Nutrition\",\"url\":\"https:\/\/motivenutrition.com\/\",\"logo\":{\"@type\":\"ImageObject\",\"inLanguage\":\"fr-FR\",\"@id\":\"https:\/\/motivenutrition.com\/#\/schema\/logo\/image\/\",\"url\":\"https:\/\/motivenutrition.com\/wp-content\/uploads\/2018\/08\/MN-Logo-Mark.png\",\"contentUrl\":\"https:\/\/motivenutrition.com\/wp-content\/uploads\/2018\/08\/MN-Logo-Mark.png\",\"width\":92,\"height\":43,\"caption\":\"Motive Nutrition\"},\"image\":{\"@id\":\"https:\/\/motivenutrition.com\/#\/schema\/logo\/image\/\"}}]}<\/script>\n<!-- \/ Yoast SEO plugin. -->","yoast_head_json":{"title":"Conf\u00e9rences - Motive Nutrition","robots":{"index":"index","follow":"follow","max-snippet":"max-snippet:-1","max-image-preview":"max-image-preview:large","max-video-preview":"max-video-preview:-1"},"canonical":"https:\/\/motivenutrition.com\/fr\/services\/conferences\/","og_locale":"fr_FR","og_type":"article","og_title":"Conf\u00e9rences - Motive Nutrition","og_description":"Conf\u00e9rences et kiosques en nutrition :: Motiver et Inspirer Motive Nutrition offre des conf\u00e9rences\u00a0qui visent \u00e0 motiver le public \u00e0 mieux manger pour optimiser leur bien-\u00eatre et leur sant\u00e9. En discutant de vos objectifs,\u00a0nous travaillerons ensemble pour \u00e9tablir le format de conf\u00e9rence qui r\u00e9pond \u00e0 vos besoins. \u00a0Le th\u00e8me de la conf\u00e9rence peut aussi \u00eatre [&hellip;]","og_url":"https:\/\/motivenutrition.com\/fr\/services\/conferences\/","og_site_name":"Motive Nutrition","article_modified_time":"2015-03-29T22:31:17+00:00","twitter_misc":{"Dur\u00e9e de lecture estim\u00e9e":"1 minute"},"schema":{"@context":"https:\/\/schema.org","@graph":[{"@type":"WebPage","@id":"https:\/\/motivenutrition.com\/fr\/services\/conferences\/","url":"https:\/\/motivenutrition.com\/fr\/services\/conferences\/","name":"Conf\u00e9rences - Motive Nutrition","isPartOf":{"@id":"https:\/\/motivenutrition.com\/#website"},"datePublished":"2011-11-08T16:02:58+00:00","dateModified":"2015-03-29T22:31:17+00:00","breadcrumb":{"@id":"https:\/\/motivenutrition.com\/fr\/services\/conferences\/#breadcrumb"},"inLanguage":"fr-FR","potentialAction":[{"@type":"ReadAction","target":["https:\/\/motivenutrition.com\/fr\/services\/conferences\/"]}]},{"@type":"BreadcrumbList","@id":"https:\/\/motivenutrition.com\/fr\/services\/conferences\/#breadcrumb","itemListElement":[{"@type":"ListItem","position":1,"name":"Home","item":"https:\/\/motivenutrition.com\/fr\/"},{"@type":"ListItem","position":2,"name":"Services","item":"https:\/\/motivenutrition.com\/fr\/services\/"},{"@type":"ListItem","position":3,"name":"Conf\u00e9rences"}]},{"@type":"WebSite","@id":"https:\/\/motivenutrition.com\/#website","url":"https:\/\/motivenutrition.com\/","name":"Motive Nutrition","description":"Vanessa Perrone, Dt.P. Nutritionniste","publisher":{"@id":"https:\/\/motivenutrition.com\/#organization"},"potentialAction":[{"@type":"SearchAction","target":{"@type":"EntryPoint","urlTemplate":"https:\/\/motivenutrition.com\/?s={search_term_string}"},"query-input":"required name=search_term_string"}],"inLanguage":"fr-FR"},{"@type":"Organization","@id":"https:\/\/motivenutrition.com\/#organization","name":"Motive Nutrition","url":"https:\/\/motivenutrition.com\/","logo":{"@type":"ImageObject","inLanguage":"fr-FR","@id":"https:\/\/motivenutrition.com\/#\/schema\/logo\/image\/","url":"https:\/\/motivenutrition.com\/wp-content\/uploads\/2018\/08\/MN-Logo-Mark.png","contentUrl":"https:\/\/motivenutrition.com\/wp-content\/uploads\/2018\/08\/MN-Logo-Mark.png","width":92,"height":43,"caption":"Motive Nutrition"},"image":{"@id":"https:\/\/motivenutrition.com\/#\/schema\/logo\/image\/"}}]}},"_links":{"self":[{"href":"https:\/\/motivenutrition.com\/fr\/wp-json\/wp\/v2\/pages\/433"}],"collection":[{"href":"https:\/\/motivenutrition.com\/fr\/wp-json\/wp\/v2\/pages"}],"about":[{"href":"https:\/\/motivenutrition.com\/fr\/wp-json\/wp\/v2\/types\/page"}],"author":[{"embeddable":true,"href":"https:\/\/motivenutrition.com\/fr\/wp-json\/wp\/v2\/users\/10"}],"replies":[{"embeddable":true,"href":"https:\/\/motivenutrition.com\/fr\/wp-json\/wp\/v2\/comments?post=433"}],"version-history":[{"count":1,"href":"https:\/\/motivenutrition.com\/fr\/wp-json\/wp\/v2\/pages\/433\/revisions"}],"predecessor-version":[{"id":5748,"href":"https:\/\/motivenutrition.com\/fr\/wp-json\/wp\/v2\/pages\/433\/revisions\/5748"}],"up":[{"embeddable":true,"href":"https:\/\/motivenutrition.com\/fr\/wp-json\/wp\/v2\/pages\/424"}],"wp:attachment":[{"href":"https:\/\/motivenutrition.com\/fr\/wp-json\/wp\/v2\/media?parent=433"}],"curies":[{"name":"wp","href":"https:\/\/api.w.org\/{rel}","templated":true}]}}