{"id":4784,"date":"2014-01-29T15:29:55","date_gmt":"2014-01-29T20:29:55","guid":{"rendered":"http:\/\/www.motivenutrition.com\/?page_id=4784"},"modified":"2016-02-26T10:33:11","modified_gmt":"2016-02-26T15:33:11","slug":"services-nutrition","status":"publish","type":"page","link":"https:\/\/motivenutrition.com\/fr\/services\/services-nutrition\/","title":{"rendered":"Services nutrition"},"content":{"rendered":"<p>Chez Motive Nutrition, la prise en charge de votre sant\u00e9 nous tient \u00e0 coeur. Notre objectif est de vous outiller, de vous soutenir dans l\u2019atteinte de vos objectifs et de traduire la science nutritionnelle en conseils &nbsp;pratiques qui correspondent \u00e0 votre r\u00e9alit\u00e9.<\/p>\n<h3>&nbsp;<\/h3>\n<h3>Expertises:<\/h3>\n<ul>\n<li>Gestion de poids (perte de poids saine, maintien de poids)<\/li>\n<li>Maladies cardiovasculaires (cholest\u00e9rol \u00e9lev\u00e9, hypertension art\u00e9rielle, insuffisance cardiaque)<\/li>\n<li>Cancer<\/li>\n<li>Pr\u00e9-diab\u00e8te, Diab\u00e8te<\/li>\n<li>Syndrome du c\u00f4lon irritable<\/li>\n<li>Maladie coeliaque et intol\u00e9rance au gluten<\/li>\n<li>Troubles digestifs\/sant\u00e9 gastro-intestinale (maladies inflammatoires de l&rsquo;intestin, constipation, diarrh\u00e9e, reflux gastro-oesophagien)<\/li>\n<li>Nutrition sportive (athl\u00e8tes r\u00e9cr\u00e9atifs, sports d&rsquo;endurance, CrossFit)<\/li>\n<li>Mindfulness et alimentation en pleine conscience<\/li>\n<li>M\u00e9nopause et syndrome pr\u00e9menstruel<\/li>\n<li>Syndrome des ovaires polykystiques<\/li>\n<li>Nutrition p\u00e9diatrique<\/li>\n<li>Sant\u00e9 osseuse (Ost\u00e9op\u00e9nie et ost\u00e9oporose)<\/li>\n<li>Allergies et intol\u00e9rances alimentaires<\/li>\n<li>Gain de masse musculaire<\/li>\n<li>Suppl\u00e9ments<\/li>\n<li>Alimentation responsable<\/li>\n<li>Manque d&rsquo;\u00e9nergie<\/li>\n<li>Cuisine sant\u00e9 et pr\u00e9paration alimentaire<\/li>\n<li>Alimentation pr\u00e9 et postnatale<\/li>\n<li>V\u00e9g\u00e9tarisme et v\u00e9g\u00e9talisme<\/li>\n<\/ul>\n<h3>&nbsp;<\/h3>\n<p>&nbsp;<\/p>\n<p>&nbsp;<\/p>\n<p>[easy-pricing-table id=\u00a0\u00bb6322&Prime;]<\/p>\n<p>&nbsp;<\/p>\n<p>* Les consultations nutritionnelles sont effectu\u00e9es en bureau \u00e0 Montr\u00e9al ou \u00e0 distance (via skype ou t\u00e9l\u00e9phone). Re\u00e7us disponibles pour fins d\u2019assurances.<\/p>\n<p style=\"text-align: center;\"><strong>&nbsp;Pour en savoir plus ou pour prendre rendez-vous, n&rsquo;h\u00e9sitez-pas \u00e0 nous&nbsp;<a title=\"Contact\" href=\"http:\/\/motivenutrition.com\/fr\/contact\/\">contacter.<\/a><\/strong><\/p>\n<p>&nbsp;<\/p>\n","protected":false},"excerpt":{"rendered":"<p>Chez Motive Nutrition, la prise en charge de votre sant\u00e9 nous tient \u00e0 coeur. Notre objectif est de vous outiller, de vous soutenir dans l\u2019atteinte de vos objectifs et de traduire la science nutritionnelle en conseils &nbsp;pratiques qui correspondent \u00e0 votre r\u00e9alit\u00e9. &nbsp; Expertises: Gestion de poids (perte de poids saine, maintien de poids) Maladies [&hellip;]<\/p>\n","protected":false},"author":10,"featured_media":0,"parent":424,"menu_order":1,"comment_status":"open","ping_status":"open","template":"","meta":{"_genesis_hide_title":false,"_genesis_hide_breadcrumbs":false,"_genesis_hide_singular_image":false,"_genesis_hide_footer_widgets":false,"_genesis_custom_body_class":"","_genesis_custom_post_class":"","_genesis_layout":"","footnotes":""},"acf":[],"yoast_head":"<!-- This site is optimized with the Yoast SEO plugin v22.6 - https:\/\/yoast.com\/wordpress\/plugins\/seo\/ -->\n<title>Services nutrition - Motive Nutrition<\/title>\n<meta name=\"robots\" content=\"index, follow, max-snippet:-1, max-image-preview:large, max-video-preview:-1\" \/>\n<link rel=\"canonical\" href=\"https:\/\/motivenutrition.com\/fr\/services\/services-nutrition\/\" \/>\n<meta property=\"og:locale\" content=\"fr_FR\" \/>\n<meta property=\"og:type\" content=\"article\" \/>\n<meta property=\"og:title\" content=\"Services nutrition - Motive Nutrition\" \/>\n<meta property=\"og:description\" content=\"Chez Motive Nutrition, la prise en charge de votre sant\u00e9 nous tient \u00e0 coeur. Notre objectif est de vous outiller, de vous soutenir dans l\u2019atteinte de vos objectifs et de traduire la science nutritionnelle en conseils &nbsp;pratiques qui correspondent \u00e0 votre r\u00e9alit\u00e9. &nbsp; Expertises: Gestion de poids (perte de poids saine, maintien de poids) Maladies [&hellip;]\" \/>\n<meta property=\"og:url\" content=\"https:\/\/motivenutrition.com\/fr\/services\/services-nutrition\/\" \/>\n<meta property=\"og:site_name\" content=\"Motive Nutrition\" \/>\n<meta property=\"article:modified_time\" content=\"2016-02-26T15:33:11+00:00\" \/>\n<meta name=\"twitter:label1\" content=\"Dur\u00e9e de lecture estim\u00e9e\" \/>\n\t<meta name=\"twitter:data1\" content=\"1 minute\" \/>\n<script type=\"application\/ld+json\" class=\"yoast-schema-graph\">{\"@context\":\"https:\/\/schema.org\",\"@graph\":[{\"@type\":\"WebPage\",\"@id\":\"https:\/\/motivenutrition.com\/fr\/services\/services-nutrition\/\",\"url\":\"https:\/\/motivenutrition.com\/fr\/services\/services-nutrition\/\",\"name\":\"Services nutrition - Motive Nutrition\",\"isPartOf\":{\"@id\":\"https:\/\/motivenutrition.com\/#website\"},\"datePublished\":\"2014-01-29T20:29:55+00:00\",\"dateModified\":\"2016-02-26T15:33:11+00:00\",\"breadcrumb\":{\"@id\":\"https:\/\/motivenutrition.com\/fr\/services\/services-nutrition\/#breadcrumb\"},\"inLanguage\":\"fr-FR\",\"potentialAction\":[{\"@type\":\"ReadAction\",\"target\":[\"https:\/\/motivenutrition.com\/fr\/services\/services-nutrition\/\"]}]},{\"@type\":\"BreadcrumbList\",\"@id\":\"https:\/\/motivenutrition.com\/fr\/services\/services-nutrition\/#breadcrumb\",\"itemListElement\":[{\"@type\":\"ListItem\",\"position\":1,\"name\":\"Home\",\"item\":\"https:\/\/motivenutrition.com\/fr\/\"},{\"@type\":\"ListItem\",\"position\":2,\"name\":\"Services\",\"item\":\"https:\/\/motivenutrition.com\/fr\/services\/\"},{\"@type\":\"ListItem\",\"position\":3,\"name\":\"Services nutrition\"}]},{\"@type\":\"WebSite\",\"@id\":\"https:\/\/motivenutrition.com\/#website\",\"url\":\"https:\/\/motivenutrition.com\/\",\"name\":\"Motive Nutrition\",\"description\":\"Vanessa Perrone, Dt.P. Nutritionniste\",\"publisher\":{\"@id\":\"https:\/\/motivenutrition.com\/#organization\"},\"potentialAction\":[{\"@type\":\"SearchAction\",\"target\":{\"@type\":\"EntryPoint\",\"urlTemplate\":\"https:\/\/motivenutrition.com\/?s={search_term_string}\"},\"query-input\":\"required name=search_term_string\"}],\"inLanguage\":\"fr-FR\"},{\"@type\":\"Organization\",\"@id\":\"https:\/\/motivenutrition.com\/#organization\",\"name\":\"Motive Nutrition\",\"url\":\"https:\/\/motivenutrition.com\/\",\"logo\":{\"@type\":\"ImageObject\",\"inLanguage\":\"fr-FR\",\"@id\":\"https:\/\/motivenutrition.com\/#\/schema\/logo\/image\/\",\"url\":\"https:\/\/motivenutrition.com\/wp-content\/uploads\/2018\/08\/MN-Logo-Mark.png\",\"contentUrl\":\"https:\/\/motivenutrition.com\/wp-content\/uploads\/2018\/08\/MN-Logo-Mark.png\",\"width\":92,\"height\":43,\"caption\":\"Motive Nutrition\"},\"image\":{\"@id\":\"https:\/\/motivenutrition.com\/#\/schema\/logo\/image\/\"}}]}<\/script>\n<!-- \/ Yoast SEO plugin. -->","yoast_head_json":{"title":"Services nutrition - Motive Nutrition","robots":{"index":"index","follow":"follow","max-snippet":"max-snippet:-1","max-image-preview":"max-image-preview:large","max-video-preview":"max-video-preview:-1"},"canonical":"https:\/\/motivenutrition.com\/fr\/services\/services-nutrition\/","og_locale":"fr_FR","og_type":"article","og_title":"Services nutrition - Motive Nutrition","og_description":"Chez Motive Nutrition, la prise en charge de votre sant\u00e9 nous tient \u00e0 coeur. Notre objectif est de vous outiller, de vous soutenir dans l\u2019atteinte de vos objectifs et de traduire la science nutritionnelle en conseils &nbsp;pratiques qui correspondent \u00e0 votre r\u00e9alit\u00e9. &nbsp; Expertises: Gestion de poids (perte de poids saine, maintien de poids) Maladies [&hellip;]","og_url":"https:\/\/motivenutrition.com\/fr\/services\/services-nutrition\/","og_site_name":"Motive Nutrition","article_modified_time":"2016-02-26T15:33:11+00:00","twitter_misc":{"Dur\u00e9e de lecture estim\u00e9e":"1 minute"},"schema":{"@context":"https:\/\/schema.org","@graph":[{"@type":"WebPage","@id":"https:\/\/motivenutrition.com\/fr\/services\/services-nutrition\/","url":"https:\/\/motivenutrition.com\/fr\/services\/services-nutrition\/","name":"Services nutrition - Motive Nutrition","isPartOf":{"@id":"https:\/\/motivenutrition.com\/#website"},"datePublished":"2014-01-29T20:29:55+00:00","dateModified":"2016-02-26T15:33:11+00:00","breadcrumb":{"@id":"https:\/\/motivenutrition.com\/fr\/services\/services-nutrition\/#breadcrumb"},"inLanguage":"fr-FR","potentialAction":[{"@type":"ReadAction","target":["https:\/\/motivenutrition.com\/fr\/services\/services-nutrition\/"]}]},{"@type":"BreadcrumbList","@id":"https:\/\/motivenutrition.com\/fr\/services\/services-nutrition\/#breadcrumb","itemListElement":[{"@type":"ListItem","position":1,"name":"Home","item":"https:\/\/motivenutrition.com\/fr\/"},{"@type":"ListItem","position":2,"name":"Services","item":"https:\/\/motivenutrition.com\/fr\/services\/"},{"@type":"ListItem","position":3,"name":"Services nutrition"}]},{"@type":"WebSite","@id":"https:\/\/motivenutrition.com\/#website","url":"https:\/\/motivenutrition.com\/","name":"Motive Nutrition","description":"Vanessa Perrone, Dt.P. Nutritionniste","publisher":{"@id":"https:\/\/motivenutrition.com\/#organization"},"potentialAction":[{"@type":"SearchAction","target":{"@type":"EntryPoint","urlTemplate":"https:\/\/motivenutrition.com\/?s={search_term_string}"},"query-input":"required name=search_term_string"}],"inLanguage":"fr-FR"},{"@type":"Organization","@id":"https:\/\/motivenutrition.com\/#organization","name":"Motive Nutrition","url":"https:\/\/motivenutrition.com\/","logo":{"@type":"ImageObject","inLanguage":"fr-FR","@id":"https:\/\/motivenutrition.com\/#\/schema\/logo\/image\/","url":"https:\/\/motivenutrition.com\/wp-content\/uploads\/2018\/08\/MN-Logo-Mark.png","contentUrl":"https:\/\/motivenutrition.com\/wp-content\/uploads\/2018\/08\/MN-Logo-Mark.png","width":92,"height":43,"caption":"Motive Nutrition"},"image":{"@id":"https:\/\/motivenutrition.com\/#\/schema\/logo\/image\/"}}]}},"_links":{"self":[{"href":"https:\/\/motivenutrition.com\/fr\/wp-json\/wp\/v2\/pages\/4784"}],"collection":[{"href":"https:\/\/motivenutrition.com\/fr\/wp-json\/wp\/v2\/pages"}],"about":[{"href":"https:\/\/motivenutrition.com\/fr\/wp-json\/wp\/v2\/types\/page"}],"author":[{"embeddable":true,"href":"https:\/\/motivenutrition.com\/fr\/wp-json\/wp\/v2\/users\/10"}],"replies":[{"embeddable":true,"href":"https:\/\/motivenutrition.com\/fr\/wp-json\/wp\/v2\/comments?post=4784"}],"version-history":[{"count":1,"href":"https:\/\/motivenutrition.com\/fr\/wp-json\/wp\/v2\/pages\/4784\/revisions"}],"predecessor-version":[{"id":6324,"href":"https:\/\/motivenutrition.com\/fr\/wp-json\/wp\/v2\/pages\/4784\/revisions\/6324"}],"up":[{"embeddable":true,"href":"https:\/\/motivenutrition.com\/fr\/wp-json\/wp\/v2\/pages\/424"}],"wp:attachment":[{"href":"https:\/\/motivenutrition.com\/fr\/wp-json\/wp\/v2\/media?parent=4784"}],"curies":[{"name":"wp","href":"https:\/\/api.w.org\/{rel}","templated":true}]}}